{"id":2192,"date":"2021-02-25T09:52:30","date_gmt":"2021-02-25T08:52:30","guid":{"rendered":"https:\/\/www.ilquindicinale.it\/advertising\/?page_id=2192"},"modified":"2021-02-25T10:06:50","modified_gmt":"2021-02-25T09:06:50","slug":"privacy-e-cookie-policy","status":"publish","type":"page","link":"https:\/\/www.ilquindicinale.it\/advertising\/privacy-e-cookie-policy\/","title":{"rendered":"Privacy e Cookie Policy"},"content":{"rendered":"\t\t<div data-elementor-type=\"wp-page\" data-elementor-id=\"2192\" class=\"elementor elementor-2192\" data-elementor-settings=\"[]\">\n\t\t\t\t\t\t<div class=\"elementor-inner\">\n\t\t\t\t\t\t\t<div class=\"elementor-section-wrap\">\n\t\t\t\t\t\t\t<section class=\"elementor-section elementor-top-section elementor-element elementor-element-f070b1b elementor-section-boxed elementor-section-height-default elementor-section-height-default\" data-id=\"f070b1b\" data-element_type=\"section\" data-settings=\"{&quot;background_background&quot;:&quot;classic&quot;}\">\n\t\t\t\t\t\t<div class=\"elementor-container elementor-column-gap-default\">\n\t\t\t\t\t\t\t<div class=\"elementor-row\">\n\t\t\t\t\t<div class=\"elementor-column elementor-col-100 elementor-top-column elementor-element elementor-element-dab9c34\" data-id=\"dab9c34\" data-element_type=\"column\">\n\t\t\t<div class=\"elementor-column-wrap elementor-element-populated\">\n\t\t\t\t\t\t\t<div class=\"elementor-widget-wrap\">\n\t\t\t\t\t\t<div class=\"elementor-element elementor-element-4601c0c elementor-widget elementor-widget-heading\" data-id=\"4601c0c\" data-element_type=\"widget\" data-widget_type=\"heading.default\">\n\t\t\t\t<div class=\"elementor-widget-container\">\n\t\t\t<h3 class=\"elementor-heading-title elementor-size-default\">Promuovi la tua azienda con i nostri mezzi<\/h3>\t\t<\/div>\n\t\t\t\t<\/div>\n\t\t\t\t<div class=\"elementor-element elementor-element-e10546b elementor-widget elementor-widget-heading\" data-id=\"e10546b\" data-element_type=\"widget\" data-widget_type=\"heading.default\">\n\t\t\t\t<div class=\"elementor-widget-container\">\n\t\t\t<h1 class=\"elementor-heading-title elementor-size-default\">Privacy e Cookie Policy<\/h1>\t\t<\/div>\n\t\t\t\t<\/div>\n\t\t\t\t\t\t<\/div>\n\t\t\t\t\t<\/div>\n\t\t<\/div>\n\t\t\t\t\t\t\t\t<\/div>\n\t\t\t\t\t<\/div>\n\t\t<\/section>\n\t\t\t\t<section class=\"elementor-section elementor-top-section elementor-element elementor-element-613830f elementor-section-boxed elementor-section-height-default elementor-section-height-default\" data-id=\"613830f\" data-element_type=\"section\">\n\t\t\t\t\t\t<div class=\"elementor-container elementor-column-gap-default\">\n\t\t\t\t\t\t\t<div class=\"elementor-row\">\n\t\t\t\t\t<div class=\"elementor-column elementor-col-100 elementor-top-column elementor-element elementor-element-a90a52f\" data-id=\"a90a52f\" data-element_type=\"column\">\n\t\t\t<div class=\"elementor-column-wrap elementor-element-populated\">\n\t\t\t\t\t\t\t<div class=\"elementor-widget-wrap\">\n\t\t\t\t\t\t<div class=\"elementor-element elementor-element-a0f90ad elementor-widget elementor-widget-text-editor\" data-id=\"a0f90ad\" data-element_type=\"widget\" data-widget_type=\"text-editor.default\">\n\t\t\t\t<div class=\"elementor-widget-container\">\n\t\t\t\t\t<div class=\"elementor-text-editor elementor-clearfix\"><h3><em>A seguito dell\u2019entrata in vigore del\u00a0<strong>Regolamento UE n. 2016\/679 (GDPR)<\/strong> relativo alla protezione delle persone fisiche con riguardo al trattamento dei dati personali, abbiamo provveduto ad aggiornare e integrare le informative da fornire ai nostri lettori<\/em><\/h3><p>Qui di seguito \u00e8 possibile trovare le informazioni relative al trattamento dei dati dei lettori che si collegano al sito internet di propriet\u00e0 dell\u2019Editoriale il Quindicinale srl (\u201cEditore\u201d) all\u2019indirizzo <strong>www.ilquindicinale.it<\/strong>.(il \u201cSito\u201c); allo scopo di descrivere le modalit\u00e0 di gestione di questo Sito, in riferimento al trattamento dei dati personali degli utenti che lo consultano e di consentire agli stessi di conoscere le finalit\u00e0 e modalit\u00e0 di trattamento dei dati personali da parte dell\u2019Editoriale il Quindicinale srl.<\/p><p>Il trattamento dei dati dei lettori avverr\u00e0 pertanto nel rispetto dei principi di liceit\u00e0, correttezza e trasparenza, nonch\u00e9 per finalit\u00e0 determinate, esplicite e legittime e in modo compatibile alle stesse. I suoi dati personali saranno trattati in modo che siano \u201cadeguati\u201d, \u201cpertinenti\u201d e \u201climitati\u201d a quanto necessario al raggiungimento delle scopo per il quale sono stati raccolti; nonch\u00e9 \u201cesatti\u201d e, se necessario, \u201caggiornati\u201d e \u201cconservati\u201d in una forma che consenta l\u2019identificazione della persona a cui si riferiscono solo per l\u2019arco di tempo necessario al raggiungimento dello scopo del trattamento, garantendone nel contempo l\u2019integrit\u00e0 e la riservatezza, nel rispetto della normativa a tutela dei dati personali dettata dal\u00a0<strong>Regolamento UE n. 2016\/679 e dal Codice in materia di protezione dei dati personali<\/strong>.<\/p><p>L\u2019informativa \u00e8 resa soltanto per il nostro Sito e non anche per altri siti web eventualmente consultati dall\u2019utente tramite appositi link.<\/p><p>Gli utenti dovranno leggere attentamente la presente informativa prima di inoltrare qualsiasi tipo di informazione personale e\/o compilare qualunque modulo elettronico presente sul Sito.<\/p><h3>Titolare, responsabile e modalit\u00e0 del trattamento<\/h3><p><strong>EDITORIALE IL QUINDICINALE srl<\/strong>, con sede in Vittorio Veneto in Viale della Vittoria \u2013 Galleria IV Novembre 4, in qualit\u00e0 di Titolare del trattamento, raccoglie presso di s\u00e8 e tratta i tuoi dati personali, forniti con la compilazione dei moduli presenti sul sito, e quelli eventualmente raccolti successivamente per l\u2019erogazione degli specifici servizi che potrai richiedere, con modalit\u00e0 cartacee, automatizzate e telematiche, richieste telefoniche e con logiche strettamente correlate alle finalit\u00e0 di cui sopra.<br \/>Il Titolare del trattamento ha designato Responsabile del trattamento in Carlo De Bastiani attuale Amministratore della societ\u00e0 EDITORIALE IL QUINDICINALE srl.<\/p><p>Le procedure software preposte al funzionamento del sito possono inoltre acquisire, nel corso del loro normale esercizio, alcuni dati personali (dati relativi alla navigazione) la cui trasmissione \u00e8 implicita nell\u2019uso dei protocolli di comunicazione di Internet, al solo fine di controllare il corretto funzionamento del sito e ricavarne informazioni statistiche anonime sul suo utilizzo. Sono osservate specifiche misure di sicurezza per proteggere i tuoi dati personali contro l\u2019indebita divulgazione, alterazione od uso improprio.<\/p><h3>I tuoi diritti<\/h3><p>Tu potrai sempre esercitare il diritto di accedere gratuitamente ai dati, di ottenerne senza ritardo l\u2019aggiornamento o la cancellazione per violazione di legge, di opporti al trattamento dei tuoi dati per finalit\u00e0 di informazione commerciale o pubblicitaria, e richiedere l\u2019elenco completo ed aggiornato di tutti i Responsabili del trattamento scrivendo a\u00a0<a href=\"mailto:carlo.debastiani@oggitreviso.it\">carlo.debastiani@oggitreviso.it<\/a>.<\/p><h3>Soggetti che possono venire a conoscenza dei tuoi dati<\/h3><p>I tuoi dati personali raccolti nel sito, tramite i moduli presenti,\u00a0 potranno essere trattati da incaricati del trattamento preposti alla gestione dei servizi richiesti, alle attivit\u00e0 di marketing e dai Responsabili del trattamento.<\/p><h3>Soggetti ai quali i tuoi dati possono essere comunicati in Italia<\/h3><p>I tuoi dati personali potranno essere comunicati a terzi per adempiere ad obblighi di legge, ovvero per rispettare ordini provenienti da pubbliche autorit\u00e0 a ci\u00f2 legittimate ovvero per fare valere o difendere un diritto in sede giudiziaria. Se necessario in relazione a particolari servizi o prodotti richiesti, i tuoi dati personali potranno essere comunicati a soggetti terzi che svolgono, in qualit\u00e0 di autonomi titolari del trattamento, funzioni strettamente connesse e strumentali alla prestazione di detti servizi o alla fornitura di detti prodotti. Senza la comunicazione, questi servizi e prodotti non potrebbero essere forniti.<\/p><hr \/><h2>\u00a0<\/h2><h2>Cookie policy<\/h2><p>I cookie sono piccoli file di testo che i\u00a0siti web memorizzano sul computer dell\u2019utente, per essere poi ritrasmessi agli stessi siti alla visita successiva dello stesso utente. Nel corso della navigazione su un sito, l\u2019utente pu\u00f2 ricevere sul suo terminale anche cookie di siti o di web server diversi (<em>cookie di terze parti<\/em>); ci\u00f2 accade perch\u00e9 sul sito visitato possono essere presenti elementi come, ad esempio, immagini, mappe, suoni, specifici link a pagine web di altri domini che risiedono su server diversi da quello sul quale si trova la pagina richiesta.<br \/>I cookie possono avere una durata limitata ad una singola sessione di navigazione (<em>cookie di sessione<\/em>), oppure possono avere una scadenza determinata (rimangono memorizzati ed attivi nell\u2019hard disk fino alla data di scadenza) continuando a raccogliere informazioni nel corso di varie sessioni di navigazione (cookie permanenti).<\/p><p>I cookie hanno varie funzioni. I\u00a0<strong>cookie tecnici<\/strong>\u00a0sono necessari per consentirti di navigare sul Sito e usufruire delle sue funzionalit\u00e0 . I\u00a0<strong>cookie di monitoraggio o analytics<\/strong>\u00a0sono utilizzati per avere informazioni statistiche, in forma aggregata o non, sul numero di utenti che accedono al sito e su come il sito viene utilizzato.<br \/>I\u00a0<strong>cookie di profilazione<\/strong>\u00a0sono utilizzati per tracciare la navigazione dell\u2019utente in rete e creare profili sui suoi gusti, abitudini, scelte, ecc. Con questi cookie possono essere trasmessi al terminale dell\u2019utente messaggi pubblicitari in linea con le preferenze gi\u00e0 manifestate dallo stesso utente nella navigazione online.<\/p><h3>Cookies tecnici<\/h3><p>I\u00a0<strong>cookie tecnici<\/strong>\u00a0sono utilizzati sul sito al solo fine di rendere possibile la navigazione sul sito e consentire di utilizzarne le funzionalit\u00e0 . I\u00a0<em>cookie di navigazione<\/em>\u00a0sono normalmente cookie di sessione e, pertanto, una volta chiuso il browser , vengono\u00a0 disattivati. Altri cookie tecnici sono utili per consentirti di memorizzare alcune tue preferenze (ad esempio, la lingua o il paese di provenienza) senza doverle reimpostare nelle visite successive (<em>\u00a0cookie di funzionalit\u00e0<\/em>).<\/p><p>Tali cookie sono installati direttamente della societ\u00e0 EDITORIALE IL QUINDICINALE srl e poich\u00e9 non vengono utilizzati per scopi ulteriori rispetto a quelli funzionali sopra descritti la loro installazione non richiede il preventivo consenso dell\u2019utente.<br \/>In aggiunta a quanto sopra esposto, ogni utente potr\u00e0 comunque impostare il proprio browser in maniera da rifiutare automaticamente la ricezione dei cookie attivando l\u2019apposita opzione; il mancato utilizzo dei cookie tecnici, tuttavia, potrebbe comportare difficolt\u00e0 nell\u2019interazione con il presente sito.<\/p><h3>Gestione dei cookies<\/h3><p>Poich\u00e9 i browser differiscono tra loro,\u00a0 invitiamo gli utenti a visitare\u00a0 l\u2019indirizzo\u00a0<a href=\"http:\/\/www.cookiepedia.co.uk\/index.php?title=How_to_Manage_Cookies\" target=\"_blank\" rel=\"noopener\">http:\/\/www.cookiepedia.co.uk\/index.php?title=How_to_Manage_Cookies<\/a>\u00a0per comprendere come impostare il proprio browser per la ricezione o la disattivazione dei cookies.<\/p><p>Per maggiori informazioni e possibilit\u00e0 di rinuncia, visitare l\u2019indirizzo\u00a0<a href=\"http:\/\/www.youronlinechoices.eu\/it\/\" target=\"_blank\" rel=\"noopener\">www.youronlinechoices.eu\/it\/<\/a><\/p><\/div>\n\t\t\t\t<\/div>\n\t\t\t\t<\/div>\n\t\t\t\t\t\t<\/div>\n\t\t\t\t\t<\/div>\n\t\t<\/div>\n\t\t\t\t\t\t\t\t<\/div>\n\t\t\t\t\t<\/div>\n\t\t<\/section>\n\t\t\t\t\t\t<\/div>\n\t\t\t\t\t\t<\/div>\n\t\t\t\t\t<\/div>\n\t\t","protected":false},"excerpt":{"rendered":"<p>Promuovi la tua azienda con i nostri mezzi Privacy e Cookie Policy A seguito dell\u2019entrata in vigore del\u00a0Regolamento UE n. 2016\/679 (GDPR) relativo alla protezione delle persone fisiche con riguardo al trattamento dei dati personali, abbiamo provveduto ad aggiornare e integrare le informative da fornire ai nostri lettori Qui di seguito \u00e8 possibile trovare le [&hellip;]<\/p>\n","protected":false},"author":1,"featured_media":0,"parent":0,"menu_order":0,"comment_status":"closed","ping_status":"closed","template":"elementor_header_footer","meta":[],"acf":[],"aioseo_notices":[],"_links":{"self":[{"href":"https:\/\/www.ilquindicinale.it\/advertising\/wp-json\/wp\/v2\/pages\/2192"}],"collection":[{"href":"https:\/\/www.ilquindicinale.it\/advertising\/wp-json\/wp\/v2\/pages"}],"about":[{"href":"https:\/\/www.ilquindicinale.it\/advertising\/wp-json\/wp\/v2\/types\/page"}],"author":[{"embeddable":true,"href":"https:\/\/www.ilquindicinale.it\/advertising\/wp-json\/wp\/v2\/users\/1"}],"replies":[{"embeddable":true,"href":"https:\/\/www.ilquindicinale.it\/advertising\/wp-json\/wp\/v2\/comments?post=2192"}],"version-history":[{"count":9,"href":"https:\/\/www.ilquindicinale.it\/advertising\/wp-json\/wp\/v2\/pages\/2192\/revisions"}],"predecessor-version":[{"id":2202,"href":"https:\/\/www.ilquindicinale.it\/advertising\/wp-json\/wp\/v2\/pages\/2192\/revisions\/2202"}],"wp:attachment":[{"href":"https:\/\/www.ilquindicinale.it\/advertising\/wp-json\/wp\/v2\/media?parent=2192"}],"curies":[{"name":"wp","href":"https:\/\/api.w.org\/{rel}","templated":true}]}}